{"id":2,"date":"2016-05-10T03:48:21","date_gmt":"2016-05-10T03:48:21","guid":{"rendered":"https:\/\/lisahorat.ch\/?page_id=2"},"modified":"2026-03-09T20:57:19","modified_gmt":"2026-03-09T20:57:19","slug":"sample-page","status":"publish","type":"page","link":"https:\/\/lisahorat.ch\/","title":{"rendered":"Home"},"content":{"rendered":"<p>This is an example page. It&#8217;s different from a blog post because it will stay in one place and will show up in your site navigation (in most themes). Most people start with an About page that introduces them to potential site visitors. It might say something like this:<\/p>\n<blockquote><p>Hi there! I&#8217;m a bike messenger by day, aspiring actor by night, and this is my website. I live in Los Angeles, have a great dog named Jack, and I like pi&#241;a coladas. (And gettin&#8216; caught in the rain.)<\/p><\/blockquote>\n<p>&#8230;or something like this:<\/p>\n<blockquote><p>The XYZ Doohickey Company was founded in 1971, and has been providing quality doohickeys to the public ever since. Located in Gotham City, XYZ employs over 2,000 people and does all kinds of awesome things for the Gotham community.<\/p><\/blockquote>\n<p>As a new WordPress user, you should go to <a href=\"https:\/\/lisahorat.ch\/wp-admin\/\">your dashboard<\/a> to delete this page and create new pages for your content. Have fun!<\/p>\n\n\n<figure class=\"wp-block-pullquote\"><blockquote><p>cjnduisovb\u00f6odb<\/p><cite>cdbucipbs\u00f6<\/cite><\/blockquote><\/figure>\n\n\n\n<details class=\"wp-block-details is-layout-flow wp-block-details-is-layout-flow\"><summary>cndsucis\u00f6bd<\/summary>\n<p>cnjs\u00f6dbvispdbvpD \u00f6jkduibspidfbvjs\u00c4DNJSDB\u00dcU\u00c4sjd<\/p>\n\n\n\n<div class=\"wp-block-media-text is-stacked-on-mobile\"><figure class=\"wp-block-media-text__media\"><img loading=\"lazy\" decoding=\"async\" width=\"1024\" height=\"683\" src=\"https:\/\/lisahorat.ch\/wp-content\/uploads\/2026\/03\/ChatGPT-Image-3.-Maerz-2026-08_23_56-1024x683.png\" alt=\"\" class=\"wp-image-22 size-full\" srcset=\"https:\/\/lisahorat.ch\/wp-content\/uploads\/2026\/03\/ChatGPT-Image-3.-Maerz-2026-08_23_56-1024x683.png 1024w, https:\/\/lisahorat.ch\/wp-content\/uploads\/2026\/03\/ChatGPT-Image-3.-Maerz-2026-08_23_56-300x200.png 300w, https:\/\/lisahorat.ch\/wp-content\/uploads\/2026\/03\/ChatGPT-Image-3.-Maerz-2026-08_23_56-768x512.png 768w, https:\/\/lisahorat.ch\/wp-content\/uploads\/2026\/03\/ChatGPT-Image-3.-Maerz-2026-08_23_56-1140x760.png 1140w, https:\/\/lisahorat.ch\/wp-content\/uploads\/2026\/03\/ChatGPT-Image-3.-Maerz-2026-08_23_56.png 1536w\" sizes=\"auto, (max-width: 1024px) 100vw, 1024px\" \/><\/figure><div class=\"wp-block-media-text__content\">\n<p>cnhsduo\u00fcvbad\u00f6fj\u00e4bv<\/p>\n<\/div><\/div>\n<\/details>\n\n\n\n<div class=\"wp-block-group is-layout-grid wp-container-core-group-is-layout-959b2406 wp-block-group-is-layout-grid\">\n<div class=\"wp-block-cover is-light\" style=\"min-height:180px;aspect-ratio:unset;\"><img loading=\"lazy\" decoding=\"async\" width=\"1536\" height=\"1024\" class=\"wp-block-cover__image-background wp-image-22 size-full\" alt=\"\" src=\"https:\/\/lisahorat.ch\/wp-content\/uploads\/2026\/03\/ChatGPT-Image-3.-Maerz-2026-08_23_56.png\" data-object-fit=\"cover\" srcset=\"https:\/\/lisahorat.ch\/wp-content\/uploads\/2026\/03\/ChatGPT-Image-3.-Maerz-2026-08_23_56.png 1536w, https:\/\/lisahorat.ch\/wp-content\/uploads\/2026\/03\/ChatGPT-Image-3.-Maerz-2026-08_23_56-300x200.png 300w, https:\/\/lisahorat.ch\/wp-content\/uploads\/2026\/03\/ChatGPT-Image-3.-Maerz-2026-08_23_56-1024x683.png 1024w, https:\/\/lisahorat.ch\/wp-content\/uploads\/2026\/03\/ChatGPT-Image-3.-Maerz-2026-08_23_56-768x512.png 768w, https:\/\/lisahorat.ch\/wp-content\/uploads\/2026\/03\/ChatGPT-Image-3.-Maerz-2026-08_23_56-1140x760.png 1140w\" sizes=\"auto, (max-width: 1536px) 100vw, 1536px\" \/><span aria-hidden=\"true\" class=\"wp-block-cover__background has-background-dim\" style=\"background-color:#f6f4f1\"><\/span><div class=\"wp-block-cover__inner-container is-layout-constrained wp-block-cover-is-layout-constrained\">\n<div class=\"wp-block-buttons is-content-justification-center is-layout-flex wp-container-core-buttons-is-layout-16018d1d wp-block-buttons-is-layout-flex\">\n<div class=\"wp-block-button has-custom-width wp-block-button__width-75\"><a class=\"wp-block-button__link has-custom-font-size wp-element-button\" href=\"https:\/\/lisahorat.ch\/?page_id=11\" style=\"border-top-left-radius:19px;border-top-right-radius:19px;border-bottom-left-radius:19px;border-bottom-right-radius:19px;font-size:9px\">CUBSDIBVA\u00d6<\/a><\/div>\n<\/div>\n<\/div><\/div>\n\n\n\n<div class=\"wp-block-cover is-light\" style=\"min-height:257px;aspect-ratio:unset;\"><img loading=\"lazy\" decoding=\"async\" width=\"1536\" height=\"1024\" class=\"wp-block-cover__image-background wp-image-23 size-full\" alt=\"\" src=\"https:\/\/lisahorat.ch\/wp-content\/uploads\/2026\/03\/ChatGPT-Image-9.-Maerz-2026-16_12_42.png\" data-object-fit=\"cover\" srcset=\"https:\/\/lisahorat.ch\/wp-content\/uploads\/2026\/03\/ChatGPT-Image-9.-Maerz-2026-16_12_42.png 1536w, https:\/\/lisahorat.ch\/wp-content\/uploads\/2026\/03\/ChatGPT-Image-9.-Maerz-2026-16_12_42-300x200.png 300w, https:\/\/lisahorat.ch\/wp-content\/uploads\/2026\/03\/ChatGPT-Image-9.-Maerz-2026-16_12_42-1024x683.png 1024w, https:\/\/lisahorat.ch\/wp-content\/uploads\/2026\/03\/ChatGPT-Image-9.-Maerz-2026-16_12_42-768x512.png 768w, https:\/\/lisahorat.ch\/wp-content\/uploads\/2026\/03\/ChatGPT-Image-9.-Maerz-2026-16_12_42-1140x760.png 1140w\" sizes=\"auto, (max-width: 1536px) 100vw, 1536px\" \/><span aria-hidden=\"true\" class=\"wp-block-cover__background has-background-dim\" style=\"background-color:#f9f8f4\"><\/span><div class=\"wp-block-cover__inner-container is-layout-constrained wp-block-cover-is-layout-constrained\">\n<div class=\"wp-block-buttons is-content-justification-center is-layout-flex wp-container-core-buttons-is-layout-16018d1d wp-block-buttons-is-layout-flex\">\n<div class=\"wp-block-button has-custom-width wp-block-button__width-75 is-style-fill\"><a class=\"wp-block-button__link has-small-font-size has-custom-font-size wp-element-button\" href=\"https:\/\/lisahorat.ch\/?page_id=13\">cndja\u00fcv\u00e4d<\/a><\/div>\n<\/div>\n<\/div><\/div>\n<\/div>\n\n\n\n<div data-wp-context=\"{ &quot;autoclose&quot;: false, &quot;accordionItems&quot;: [] }\" data-wp-interactive=\"core\/accordion\" role=\"group\" class=\"wp-block-accordion is-layout-flow wp-block-accordion-is-layout-flow\">\n<div data-wp-class--is-open=\"state.isOpen\" data-wp-context=\"{ &quot;id&quot;: &quot;accordion-item-1&quot;, &quot;openByDefault&quot;: false }\" data-wp-init=\"callbacks.initAccordionItems\" data-wp-on-window--hashchange=\"callbacks.hashChange\" class=\"wp-block-accordion-item is-layout-flow wp-block-accordion-item-is-layout-flow\">\n<h3 class=\"wp-block-accordion-heading\"><button aria-expanded=\"false\" aria-controls=\"accordion-item-1-panel\" data-wp-bind--aria-expanded=\"state.isOpen\" data-wp-on--click=\"actions.toggle\" data-wp-on--keydown=\"actions.handleKeyDown\" id=\"accordion-item-1\" type=\"button\" class=\"wp-block-accordion-heading__toggle\"><span class=\"wp-block-accordion-heading__toggle-title\">cbdsui\u00f6vcbsd<\/span><span class=\"wp-block-accordion-heading__toggle-icon\" aria-hidden=\"true\">+<\/span><\/button><\/h3>\n\n\n\n<div inert aria-labelledby=\"accordion-item-1\" data-wp-bind--inert=\"!state.isOpen\" id=\"accordion-item-1-panel\" role=\"region\" class=\"wp-block-accordion-panel is-layout-flow wp-block-accordion-panel-is-layout-flow\">\n<p>c sd\u00f6jkvb\u00f6sdbv j\u00e4kM<\/p>\n<\/div>\n<\/div>\n<\/div>\n","protected":false},"excerpt":{"rendered":"<p>This is an example page. It&#8217;s different from a blog post because it will stay in one place and will show up in your site navigation (in most themes). Most people start with an About page that introduces them to potential site visitors. It might say something like this: Hi there! I&#8217;m a bike messenger by day, aspiring actor by night, and this is my website. I live in Los Angeles, have a great dog named Jack, and I like pi&#241;a coladas. (And gettin&#8216; caught in the rain.) &#8230;or something like this: The XYZ Doohickey Company was founded in 1971, and has been providing quality doohickeys to the public ever since. Located in Gotham City, XYZ employs over 2,000 people and does all kinds of awesome things for the Gotham community. As a new WordPress user, you should go to your dashboard to delete this page and create new pages for your content. Have fun! cjnduisovb\u00f6odb cdbucipbs\u00f6<\/p>\n","protected":false},"author":1,"featured_media":0,"parent":0,"menu_order":0,"comment_status":"closed","ping_status":"open","template":"","meta":{"footnotes":""},"class_list":["post-2","page","type-page","status-publish","hentry"],"_links":{"self":[{"href":"https:\/\/lisahorat.ch\/index.php?rest_route=\/wp\/v2\/pages\/2","targetHints":{"allow":["GET"]}}],"collection":[{"href":"https:\/\/lisahorat.ch\/index.php?rest_route=\/wp\/v2\/pages"}],"about":[{"href":"https:\/\/lisahorat.ch\/index.php?rest_route=\/wp\/v2\/types\/page"}],"author":[{"embeddable":true,"href":"https:\/\/lisahorat.ch\/index.php?rest_route=\/wp\/v2\/users\/1"}],"replies":[{"embeddable":true,"href":"https:\/\/lisahorat.ch\/index.php?rest_route=%2Fwp%2Fv2%2Fcomments&post=2"}],"version-history":[{"count":3,"href":"https:\/\/lisahorat.ch\/index.php?rest_route=\/wp\/v2\/pages\/2\/revisions"}],"predecessor-version":[{"id":26,"href":"https:\/\/lisahorat.ch\/index.php?rest_route=\/wp\/v2\/pages\/2\/revisions\/26"}],"wp:attachment":[{"href":"https:\/\/lisahorat.ch\/index.php?rest_route=%2Fwp%2Fv2%2Fmedia&parent=2"}],"curies":[{"name":"wp","href":"https:\/\/api.w.org\/{rel}","templated":true}]}}